{"id":8,"date":"2022-03-04T10:26:46","date_gmt":"2022-03-04T10:26:46","guid":{"rendered":"http:\/\/pl.harlequinfloors.localhost\/?page_id=8"},"modified":"2022-07-19T11:51:15","modified_gmt":"2022-07-19T10:51:15","slug":"home","status":"publish","type":"page","link":"https:\/\/euro.harlequinfloors.com\/pl\/","title":{"rendered":"Strona g\u0142\u00f3wna"},"content":{"rendered":"\n<section class=\"hero \">\n            <div class=\"hero__slide pos--rel flex flex--column flex--align-center flex--justify-end flex--justify-center@desktop bg--cover-center text--center \"                    >\n\n            <div class=\"hero-desktop\">\n                                    <img data-flickity-lazyload=\"https:\/\/euro.harlequinfloors.com\/pl\/content\/uploads\/2022\/07\/Duo-Website-Banner_PL.png\"  \/>\n                            <\/a>\n\n            <\/div>\n\n            <div class=\"hero-mobile\">\n                                    <img  data-flickity-lazyload=\"https:\/\/euro.harlequinfloors.com\/pl\/content\/uploads\/2022\/07\/Duo-Website-Banner_Mobile_PL-1.png\"  \/>\n                            <\/div>\n\n            \n            <div class=\"container pos--abs\">\n                <!-- Heading -->\n                <h2><\/h2>\n\n                <!-- Description -->\n                <h5 style=\"max-width: 460\"><\/h5>\n\n                <!-- Button -->\n                            <\/div>\n        <\/div>\n    <\/section>\n\n\n\n    <section class=\"heading-and-text heading-and-text--condensed text--center\">\n        <div class=\"o-wrapper\" >\n        <div class=\"heading-and-text__content-container\" style=\"max-width: 574px\">\n            <h1>The world performs on Harlequin floors<\/h1>\n        <\/div>\n\n                <div class=\"heading-and-text__content-container\" style=\"max-width: 870px\">\n            <div>\n                <p>Za\u0142o\u017cona w Wielkiej Brytanii ponad 40 lat temu, firma Harlequin produkuje<br \/>\npod\u0142ogi, kt\u00f3re wybierane s\u0105 przez najbardziej presti\u017cowe zespo\u0142y taneczne na<br \/>\n\u015bwiecie, a tak\u017ce przez teatry, szko\u0142y, firmy produkcyjne i eventowe.<br \/>\nKoncepcja i renoma firmy Harlequin opiera si\u0119 na projektowaniu, produkcji i<br \/>\ndostawie wysokiej jako\u015bci pod\u0142\u00f3g spr\u0119\u017cynuj\u0105cych i winylowych zar\u00f3wno<br \/>\nprzeno\u015bnych jak i do monta\u017cu sta\u0142ego, wybieranych przez wiod\u0105ce \u015bwiatowe<br \/>\nteatry \u2013 pocz\u0105wszy od Opery Kr\u00f3lewskiej, przez Teatr Bolszoj, Oper\u0119 Parysk\u0105,po<br \/>\nKr\u00f3lewski Balet Nowozelandzki.<\/p>\n<p>Harlequin jest \u015bwiatowym liderem w swojej dziedzinie z biurami w Europie,<br \/>\nAmeryce i regionie Azji i Pacyfiku.<\/p>\n            <\/div>\n        <\/div>\n        \n        \n        <\/div>\n    <\/section>\n","protected":false},"excerpt":{"rendered":"","protected":false},"author":1,"featured_media":21090,"parent":0,"menu_order":0,"comment_status":"closed","ping_status":"closed","template":"","meta":{"_acf_changed":false,"footnotes":""},"class_list":["post-8","page","type-page","status-publish","has-post-thumbnail","hentry"],"acf":[],"yoast_head":"<!-- This site is optimized with the Yoast SEO plugin v25.9 - https:\/\/yoast.com\/wordpress\/plugins\/seo\/ -->\n<title>Strona g\u0142\u00f3wna - Harlequin Floors<\/title>\n<meta name=\"description\" content=\"Za\u0142o\u017cona w Wielkiej Brytanii ponad 40 lat temu, firma Harlequin produkujepod\u0142ogi, kt\u00f3re wybierane s\u0105 przez najbardziej presti\u017cowe zespo\u0142y taneczne na\u015bwiecie, a tak\u017ce przez teatry, szko\u0142y, firmy produkcyjne i eventowe.\" \/>\n<meta name=\"robots\" content=\"index, follow, max-snippet:-1, max-image-preview:large, max-video-preview:-1\" \/>\n<link rel=\"canonical\" href=\"https:\/\/euro.harlequinfloors.com\/pl\/\" \/>\n<meta property=\"og:locale\" content=\"pl_PL\" \/>\n<meta property=\"og:type\" content=\"article\" \/>\n<meta property=\"og:title\" content=\"Strona g\u0142\u00f3wna - Harlequin Floors\" \/>\n<meta property=\"og:description\" content=\"Za\u0142o\u017cona w Wielkiej Brytanii ponad 40 lat temu, firma Harlequin produkujepod\u0142ogi, kt\u00f3re wybierane s\u0105 przez najbardziej presti\u017cowe zespo\u0142y taneczne na\u015bwiecie, a tak\u017ce przez teatry, szko\u0142y, firmy produkcyjne i eventowe.\" \/>\n<meta property=\"og:url\" content=\"https:\/\/euro.harlequinfloors.com\/pl\/\" \/>\n<meta property=\"og:site_name\" content=\"Harlequin Floors\" \/>\n<meta property=\"article:modified_time\" content=\"2022-07-19T10:51:15+00:00\" \/>\n<meta property=\"og:image\" content=\"https:\/\/euro.harlequinfloors.com\/pl\/content\/uploads\/2022\/03\/Reversible-Website-Banner-Feb22-scaled-1.jpeg\" \/>\n\t<meta property=\"og:image:width\" content=\"2560\" \/>\n\t<meta property=\"og:image:height\" content=\"946\" \/>\n\t<meta property=\"og:image:type\" content=\"image\/jpeg\" \/>\n<meta name=\"twitter:card\" content=\"summary_large_image\" \/>\n<script type=\"application\/ld+json\" class=\"yoast-schema-graph\">{\"@context\":\"https:\/\/schema.org\",\"@graph\":[{\"@type\":\"WebPage\",\"@id\":\"https:\/\/euro.harlequinfloors.com\/pl\/\",\"url\":\"https:\/\/euro.harlequinfloors.com\/pl\/\",\"name\":\"Strona g\u0142\u00f3wna - Harlequin Floors\",\"isPartOf\":{\"@id\":\"https:\/\/euro.harlequinfloors.com\/pl\/#website\"},\"primaryImageOfPage\":{\"@id\":\"https:\/\/euro.harlequinfloors.com\/pl\/#primaryimage\"},\"image\":{\"@id\":\"https:\/\/euro.harlequinfloors.com\/pl\/#primaryimage\"},\"thumbnailUrl\":\"https:\/\/euro.harlequinfloors.com\/pl\/content\/uploads\/2022\/03\/Reversible-Website-Banner-Feb22-scaled-1.jpeg\",\"datePublished\":\"2022-03-04T10:26:46+00:00\",\"dateModified\":\"2022-07-19T10:51:15+00:00\",\"description\":\"Za\u0142o\u017cona w Wielkiej Brytanii ponad 40 lat temu, firma Harlequin produkujepod\u0142ogi, kt\u00f3re wybierane s\u0105 przez najbardziej presti\u017cowe zespo\u0142y taneczne na\u015bwiecie, a tak\u017ce przez teatry, szko\u0142y, firmy produkcyjne i eventowe.\",\"breadcrumb\":{\"@id\":\"https:\/\/euro.harlequinfloors.com\/pl\/#breadcrumb\"},\"inLanguage\":\"pl-PL\",\"potentialAction\":[{\"@type\":\"ReadAction\",\"target\":[\"https:\/\/euro.harlequinfloors.com\/pl\/\"]}]},{\"@type\":\"ImageObject\",\"inLanguage\":\"pl-PL\",\"@id\":\"https:\/\/euro.harlequinfloors.com\/pl\/#primaryimage\",\"url\":\"https:\/\/euro.harlequinfloors.com\/pl\/content\/uploads\/2022\/03\/Reversible-Website-Banner-Feb22-scaled-1.jpeg\",\"contentUrl\":\"https:\/\/euro.harlequinfloors.com\/pl\/content\/uploads\/2022\/03\/Reversible-Website-Banner-Feb22-scaled-1.jpeg\",\"width\":2560,\"height\":946},{\"@type\":\"BreadcrumbList\",\"@id\":\"https:\/\/euro.harlequinfloors.com\/pl\/#breadcrumb\",\"itemListElement\":[{\"@type\":\"ListItem\",\"position\":1,\"name\":\"Home\",\"item\":\"https:\/\/euro.harlequinfloors.com\/pl\/\"},{\"@type\":\"ListItem\",\"position\":2,\"name\":\"Strona g\u0142\u00f3wna\"}]},{\"@type\":\"WebSite\",\"@id\":\"https:\/\/euro.harlequinfloors.com\/pl\/#website\",\"url\":\"https:\/\/euro.harlequinfloors.com\/pl\/\",\"name\":\"Harlequin Floors\",\"description\":\"\",\"potentialAction\":[{\"@type\":\"SearchAction\",\"target\":{\"@type\":\"EntryPoint\",\"urlTemplate\":\"https:\/\/euro.harlequinfloors.com\/pl\/?s={search_term_string}\"},\"query-input\":{\"@type\":\"PropertyValueSpecification\",\"valueRequired\":true,\"valueName\":\"search_term_string\"}}],\"inLanguage\":\"pl-PL\"}]}<\/script>\n<!-- \/ Yoast SEO plugin. -->","yoast_head_json":{"title":"Strona g\u0142\u00f3wna - Harlequin Floors","description":"Za\u0142o\u017cona w Wielkiej Brytanii ponad 40 lat temu, firma Harlequin produkujepod\u0142ogi, kt\u00f3re wybierane s\u0105 przez najbardziej presti\u017cowe zespo\u0142y taneczne na\u015bwiecie, a tak\u017ce przez teatry, szko\u0142y, firmy produkcyjne i eventowe.","robots":{"index":"index","follow":"follow","max-snippet":"max-snippet:-1","max-image-preview":"max-image-preview:large","max-video-preview":"max-video-preview:-1"},"canonical":"https:\/\/euro.harlequinfloors.com\/pl\/","og_locale":"pl_PL","og_type":"article","og_title":"Strona g\u0142\u00f3wna - Harlequin Floors","og_description":"Za\u0142o\u017cona w Wielkiej Brytanii ponad 40 lat temu, firma Harlequin produkujepod\u0142ogi, kt\u00f3re wybierane s\u0105 przez najbardziej presti\u017cowe zespo\u0142y taneczne na\u015bwiecie, a tak\u017ce przez teatry, szko\u0142y, firmy produkcyjne i eventowe.","og_url":"https:\/\/euro.harlequinfloors.com\/pl\/","og_site_name":"Harlequin Floors","article_modified_time":"2022-07-19T10:51:15+00:00","og_image":[{"width":2560,"height":946,"url":"https:\/\/euro.harlequinfloors.com\/pl\/content\/uploads\/2022\/03\/Reversible-Website-Banner-Feb22-scaled-1.jpeg","type":"image\/jpeg"}],"twitter_card":"summary_large_image","schema":{"@context":"https:\/\/schema.org","@graph":[{"@type":"WebPage","@id":"https:\/\/euro.harlequinfloors.com\/pl\/","url":"https:\/\/euro.harlequinfloors.com\/pl\/","name":"Strona g\u0142\u00f3wna - Harlequin Floors","isPartOf":{"@id":"https:\/\/euro.harlequinfloors.com\/pl\/#website"},"primaryImageOfPage":{"@id":"https:\/\/euro.harlequinfloors.com\/pl\/#primaryimage"},"image":{"@id":"https:\/\/euro.harlequinfloors.com\/pl\/#primaryimage"},"thumbnailUrl":"https:\/\/euro.harlequinfloors.com\/pl\/content\/uploads\/2022\/03\/Reversible-Website-Banner-Feb22-scaled-1.jpeg","datePublished":"2022-03-04T10:26:46+00:00","dateModified":"2022-07-19T10:51:15+00:00","description":"Za\u0142o\u017cona w Wielkiej Brytanii ponad 40 lat temu, firma Harlequin produkujepod\u0142ogi, kt\u00f3re wybierane s\u0105 przez najbardziej presti\u017cowe zespo\u0142y taneczne na\u015bwiecie, a tak\u017ce przez teatry, szko\u0142y, firmy produkcyjne i eventowe.","breadcrumb":{"@id":"https:\/\/euro.harlequinfloors.com\/pl\/#breadcrumb"},"inLanguage":"pl-PL","potentialAction":[{"@type":"ReadAction","target":["https:\/\/euro.harlequinfloors.com\/pl\/"]}]},{"@type":"ImageObject","inLanguage":"pl-PL","@id":"https:\/\/euro.harlequinfloors.com\/pl\/#primaryimage","url":"https:\/\/euro.harlequinfloors.com\/pl\/content\/uploads\/2022\/03\/Reversible-Website-Banner-Feb22-scaled-1.jpeg","contentUrl":"https:\/\/euro.harlequinfloors.com\/pl\/content\/uploads\/2022\/03\/Reversible-Website-Banner-Feb22-scaled-1.jpeg","width":2560,"height":946},{"@type":"BreadcrumbList","@id":"https:\/\/euro.harlequinfloors.com\/pl\/#breadcrumb","itemListElement":[{"@type":"ListItem","position":1,"name":"Home","item":"https:\/\/euro.harlequinfloors.com\/pl\/"},{"@type":"ListItem","position":2,"name":"Strona g\u0142\u00f3wna"}]},{"@type":"WebSite","@id":"https:\/\/euro.harlequinfloors.com\/pl\/#website","url":"https:\/\/euro.harlequinfloors.com\/pl\/","name":"Harlequin Floors","description":"","potentialAction":[{"@type":"SearchAction","target":{"@type":"EntryPoint","urlTemplate":"https:\/\/euro.harlequinfloors.com\/pl\/?s={search_term_string}"},"query-input":{"@type":"PropertyValueSpecification","valueRequired":true,"valueName":"search_term_string"}}],"inLanguage":"pl-PL"}]}},"_links":{"self":[{"href":"https:\/\/euro.harlequinfloors.com\/pl\/wp-json\/wp\/v2\/pages\/8","targetHints":{"allow":["GET"]}}],"collection":[{"href":"https:\/\/euro.harlequinfloors.com\/pl\/wp-json\/wp\/v2\/pages"}],"about":[{"href":"https:\/\/euro.harlequinfloors.com\/pl\/wp-json\/wp\/v2\/types\/page"}],"author":[{"embeddable":true,"href":"https:\/\/euro.harlequinfloors.com\/pl\/wp-json\/wp\/v2\/users\/1"}],"replies":[{"embeddable":true,"href":"https:\/\/euro.harlequinfloors.com\/pl\/wp-json\/wp\/v2\/comments?post=8"}],"version-history":[{"count":30,"href":"https:\/\/euro.harlequinfloors.com\/pl\/wp-json\/wp\/v2\/pages\/8\/revisions"}],"predecessor-version":[{"id":21508,"href":"https:\/\/euro.harlequinfloors.com\/pl\/wp-json\/wp\/v2\/pages\/8\/revisions\/21508"}],"wp:featuredmedia":[{"embeddable":true,"href":"https:\/\/euro.harlequinfloors.com\/pl\/wp-json\/wp\/v2\/media\/21090"}],"wp:attachment":[{"href":"https:\/\/euro.harlequinfloors.com\/pl\/wp-json\/wp\/v2\/media?parent=8"}],"curies":[{"name":"wp","href":"https:\/\/api.w.org\/{rel}","templated":true}]}}