{"id":21370,"date":"2022-05-18T09:21:20","date_gmt":"2022-05-18T08:21:20","guid":{"rendered":"http:\/\/eupl.harlequinfloors.localhost\/?page_id=21370"},"modified":"2022-06-30T09:27:32","modified_gmt":"2022-06-30T08:27:32","slug":"kontakty","status":"publish","type":"page","link":"https:\/\/euro.harlequinfloors.com\/pl\/kontakty\/","title":{"rendered":"Kontakty"},"content":{"rendered":"\r\n<p>Skontaktuj si\u0119 z nami<\/p>\r\n<p>Uzupe\u0142nij swoje dane, a jeden z naszych pracownik\u00f3w si\u0119 z Tob\u0105 skontaktuje. Je\u015bli wolisz z kim\u015b porozmawia\u0107, zadzwo\u0144 do nas pod numer<\/p>\r\n<p>+352 46 04 00 21.<\/p>\r\n","protected":false},"excerpt":{"rendered":"<p>Skontaktuj si\u0119 z nami Uzupe\u0142nij swoje dane, a jeden z naszych pracownik\u00f3w si\u0119 z Tob\u0105 skontaktuje. Je\u015bli wolisz z kim\u015b porozmawia\u0107, zadzwo\u0144 do nas pod numer +352 46 04 00 21.<\/p>\n","protected":false},"author":1,"featured_media":0,"parent":0,"menu_order":0,"comment_status":"closed","ping_status":"closed","template":"contact","meta":{"_acf_changed":false,"footnotes":""},"class_list":["post-21370","page","type-page","status-publish","hentry"],"acf":[],"yoast_head":"<!-- This site is optimized with the Yoast SEO plugin v25.9 - https:\/\/yoast.com\/wordpress\/plugins\/seo\/ -->\n<title>Kontakty - Harlequin Floors<\/title>\n<meta name=\"robots\" content=\"index, follow, max-snippet:-1, max-image-preview:large, max-video-preview:-1\" \/>\n<link rel=\"canonical\" href=\"https:\/\/euro.harlequinfloors.com\/pl\/kontakty\/\" \/>\n<meta property=\"og:locale\" content=\"pl_PL\" \/>\n<meta property=\"og:type\" content=\"article\" \/>\n<meta property=\"og:title\" content=\"Kontakty - Harlequin Floors\" \/>\n<meta property=\"og:description\" content=\"Skontaktuj si\u0119 z nami Uzupe\u0142nij swoje dane, a jeden z naszych pracownik\u00f3w si\u0119 z Tob\u0105 skontaktuje. Je\u015bli wolisz z kim\u015b porozmawia\u0107, zadzwo\u0144 do nas pod numer +352 46 04 00 21.\" \/>\n<meta property=\"og:url\" content=\"https:\/\/euro.harlequinfloors.com\/pl\/kontakty\/\" \/>\n<meta property=\"og:site_name\" content=\"Harlequin Floors\" \/>\n<meta property=\"article:modified_time\" content=\"2022-06-30T08:27:32+00:00\" \/>\n<meta name=\"twitter:card\" content=\"summary_large_image\" \/>\n<meta name=\"twitter:label1\" content=\"Szacowany czas czytania\" \/>\n\t<meta name=\"twitter:data1\" content=\"1 minuta\" \/>\n<script type=\"application\/ld+json\" class=\"yoast-schema-graph\">{\"@context\":\"https:\/\/schema.org\",\"@graph\":[{\"@type\":\"WebPage\",\"@id\":\"https:\/\/euro.harlequinfloors.com\/pl\/kontakty\/\",\"url\":\"https:\/\/euro.harlequinfloors.com\/pl\/kontakty\/\",\"name\":\"Kontakty - Harlequin Floors\",\"isPartOf\":{\"@id\":\"https:\/\/euro.harlequinfloors.com\/pl\/#website\"},\"datePublished\":\"2022-05-18T08:21:20+00:00\",\"dateModified\":\"2022-06-30T08:27:32+00:00\",\"breadcrumb\":{\"@id\":\"https:\/\/euro.harlequinfloors.com\/pl\/kontakty\/#breadcrumb\"},\"inLanguage\":\"pl-PL\",\"potentialAction\":[{\"@type\":\"ReadAction\",\"target\":[\"https:\/\/euro.harlequinfloors.com\/pl\/kontakty\/\"]}]},{\"@type\":\"BreadcrumbList\",\"@id\":\"https:\/\/euro.harlequinfloors.com\/pl\/kontakty\/#breadcrumb\",\"itemListElement\":[{\"@type\":\"ListItem\",\"position\":1,\"name\":\"Home\",\"item\":\"https:\/\/euro.harlequinfloors.com\/pl\/\"},{\"@type\":\"ListItem\",\"position\":2,\"name\":\"Kontakty\"}]},{\"@type\":\"WebSite\",\"@id\":\"https:\/\/euro.harlequinfloors.com\/pl\/#website\",\"url\":\"https:\/\/euro.harlequinfloors.com\/pl\/\",\"name\":\"Harlequin Floors\",\"description\":\"\",\"potentialAction\":[{\"@type\":\"SearchAction\",\"target\":{\"@type\":\"EntryPoint\",\"urlTemplate\":\"https:\/\/euro.harlequinfloors.com\/pl\/?s={search_term_string}\"},\"query-input\":{\"@type\":\"PropertyValueSpecification\",\"valueRequired\":true,\"valueName\":\"search_term_string\"}}],\"inLanguage\":\"pl-PL\"}]}<\/script>\n<!-- \/ Yoast SEO plugin. -->","yoast_head_json":{"title":"Kontakty - Harlequin Floors","robots":{"index":"index","follow":"follow","max-snippet":"max-snippet:-1","max-image-preview":"max-image-preview:large","max-video-preview":"max-video-preview:-1"},"canonical":"https:\/\/euro.harlequinfloors.com\/pl\/kontakty\/","og_locale":"pl_PL","og_type":"article","og_title":"Kontakty - Harlequin Floors","og_description":"Skontaktuj si\u0119 z nami Uzupe\u0142nij swoje dane, a jeden z naszych pracownik\u00f3w si\u0119 z Tob\u0105 skontaktuje. Je\u015bli wolisz z kim\u015b porozmawia\u0107, zadzwo\u0144 do nas pod numer +352 46 04 00 21.","og_url":"https:\/\/euro.harlequinfloors.com\/pl\/kontakty\/","og_site_name":"Harlequin Floors","article_modified_time":"2022-06-30T08:27:32+00:00","twitter_card":"summary_large_image","twitter_misc":{"Szacowany czas czytania":"1 minuta"},"schema":{"@context":"https:\/\/schema.org","@graph":[{"@type":"WebPage","@id":"https:\/\/euro.harlequinfloors.com\/pl\/kontakty\/","url":"https:\/\/euro.harlequinfloors.com\/pl\/kontakty\/","name":"Kontakty - Harlequin Floors","isPartOf":{"@id":"https:\/\/euro.harlequinfloors.com\/pl\/#website"},"datePublished":"2022-05-18T08:21:20+00:00","dateModified":"2022-06-30T08:27:32+00:00","breadcrumb":{"@id":"https:\/\/euro.harlequinfloors.com\/pl\/kontakty\/#breadcrumb"},"inLanguage":"pl-PL","potentialAction":[{"@type":"ReadAction","target":["https:\/\/euro.harlequinfloors.com\/pl\/kontakty\/"]}]},{"@type":"BreadcrumbList","@id":"https:\/\/euro.harlequinfloors.com\/pl\/kontakty\/#breadcrumb","itemListElement":[{"@type":"ListItem","position":1,"name":"Home","item":"https:\/\/euro.harlequinfloors.com\/pl\/"},{"@type":"ListItem","position":2,"name":"Kontakty"}]},{"@type":"WebSite","@id":"https:\/\/euro.harlequinfloors.com\/pl\/#website","url":"https:\/\/euro.harlequinfloors.com\/pl\/","name":"Harlequin Floors","description":"","potentialAction":[{"@type":"SearchAction","target":{"@type":"EntryPoint","urlTemplate":"https:\/\/euro.harlequinfloors.com\/pl\/?s={search_term_string}"},"query-input":{"@type":"PropertyValueSpecification","valueRequired":true,"valueName":"search_term_string"}}],"inLanguage":"pl-PL"}]}},"_links":{"self":[{"href":"https:\/\/euro.harlequinfloors.com\/pl\/wp-json\/wp\/v2\/pages\/21370","targetHints":{"allow":["GET"]}}],"collection":[{"href":"https:\/\/euro.harlequinfloors.com\/pl\/wp-json\/wp\/v2\/pages"}],"about":[{"href":"https:\/\/euro.harlequinfloors.com\/pl\/wp-json\/wp\/v2\/types\/page"}],"author":[{"embeddable":true,"href":"https:\/\/euro.harlequinfloors.com\/pl\/wp-json\/wp\/v2\/users\/1"}],"replies":[{"embeddable":true,"href":"https:\/\/euro.harlequinfloors.com\/pl\/wp-json\/wp\/v2\/comments?post=21370"}],"version-history":[{"count":3,"href":"https:\/\/euro.harlequinfloors.com\/pl\/wp-json\/wp\/v2\/pages\/21370\/revisions"}],"predecessor-version":[{"id":21395,"href":"https:\/\/euro.harlequinfloors.com\/pl\/wp-json\/wp\/v2\/pages\/21370\/revisions\/21395"}],"wp:attachment":[{"href":"https:\/\/euro.harlequinfloors.com\/pl\/wp-json\/wp\/v2\/media?parent=21370"}],"curies":[{"name":"wp","href":"https:\/\/api.w.org\/{rel}","templated":true}]}}