{"id":21360,"date":"2022-05-18T09:14:17","date_gmt":"2022-05-18T08:14:17","guid":{"rendered":"http:\/\/eupl.harlequinfloors.localhost\/?page_id=21360"},"modified":"2022-07-12T11:28:56","modified_gmt":"2022-07-12T10:28:56","slug":"akcesoria","status":"publish","type":"page","link":"https:\/\/euro.harlequinfloors.com\/pl\/akcesoria\/","title":{"rendered":"Akcesoria\u00a0"},"content":{"rendered":"\n    <section class=\"heading-and-text heading-and-text--condensed text--center\">\n        <div class=\"o-wrapper\" >\n        <div class=\"heading-and-text__content-container\" style=\"max-width: px\">\n            <h1>Akcesoria Harlequin<\/h1>\n        <\/div>\n\n                <div class=\"heading-and-text__content-container\" style=\"max-width: px\">\n            <div>\n                <p>Harlequin oferuje szereg akcesori\u00f3w pomocnych w monta\u017cu, przechowywaniu, rozk\u0142adaniu i u\u017cytkowaniu pod\u0142\u00f3g winylowych i spr\u0119\u017cynuj\u0105cych.<\/p>\n            <\/div>\n        <\/div>\n        \n        \n        <\/div>\n    <\/section>\n\n\n\n<section class=\"product-grid c-mar-3 o-wrapper  alignleft\">\n            <div class=\"o-layout\">\n                            <div class=\"o-layout__item u-1\/1 u-1\/2@tablet u-1\/3@desktop c-pad-x c-mar-b3\">\n                    <div class=\"product-grid__item flex flex--column height--100\">\n                        <div>\n                                                            <h3 class=\"product-grid__heading c-mar-b0 text--center\">Ta\u015bmy<\/h3>\n                                                                                <\/div>\n                        <div class=\"flex flex--justify-center\">\n                            <img decoding=\"async\" class=\"c-mar-t2 c-mar-b2 \" src=\"https:\/\/euro.harlequinfloors.com\/pl\/content\/uploads\/2022\/06\/Tape-collection-e1656583886254.jpg\" alt=\"\" class=\"product-grid__image\">\n                        <\/div>\n\n                                                    <div class=\"flex--1-0-auto c-mar-t1 product-grid__text-container\">\n                                <p>Oferujemy szeroki zakres jednostronnych i dwustronnych ta\u015bm do stosowania z pod\u0142ogami winylowymi Harlequin dla wszystkich system\u00f3w przeno\u015bnych i p\u00f3\u0142sta\u0142ych.<\/p>\n                            <\/div>\n                                            <\/div>\n                <\/div>\n                            <div class=\"o-layout__item u-1\/1 u-1\/2@tablet u-1\/3@desktop c-pad-x c-mar-b3\">\n                    <div class=\"product-grid__item flex flex--column height--100\">\n                        <div>\n                                                            <h3 class=\"product-grid__heading c-mar-b0 text--center\">Ta\u015bmy do rolek<\/h3>\n                                                                                <\/div>\n                        <div class=\"flex flex--justify-center\">\n                            <img decoding=\"async\" class=\"c-mar-t2 c-mar-b2 \" src=\"https:\/\/euro.harlequinfloors.com\/pl\/content\/uploads\/2022\/06\/vinyl-roll-straps-2-e1656593665231.jpg\" alt=\"\" class=\"product-grid__image\">\n                        <\/div>\n\n                                                    <div class=\"flex--1-0-auto c-mar-t1 product-grid__text-container\">\n                                <p>Ta\u015bmy do zwini\u0119tych pod\u0142\u00f3g winylowych s\u0105 produkowane z bardzo wytrzyma\u0142ego materia\u0142u, dzi\u0119ki czemu pod\u0142ogi winylowe Harlequin pozostaj\u0105 w\u0142a\u015bciwie zwini\u0119te na trzpieniach.<\/p>\n                            <\/div>\n                                            <\/div>\n                <\/div>\n                            <div class=\"o-layout__item u-1\/1 u-1\/2@tablet u-1\/3@desktop c-pad-x c-mar-b3\">\n                    <div class=\"product-grid__item flex flex--column height--100\">\n                        <div>\n                                                            <h3 class=\"product-grid__heading c-mar-b0 text--center\">Torby do przechowywania zwini\u0119tych pod\u0142\u00f3g winylowych<\/h3>\n                                                                                <\/div>\n                        <div class=\"flex flex--justify-center\">\n                            <img decoding=\"async\" class=\"c-mar-t2 c-mar-b2 \" src=\"https:\/\/euro.harlequinfloors.com\/pl\/content\/uploads\/2022\/06\/bag-cut-out-2-1-scaled-e1657621728669.jpg\" alt=\"\" class=\"product-grid__image\">\n                        <\/div>\n\n                                                    <div class=\"flex--1-0-auto c-mar-t1 product-grid__text-container\">\n                                <p>Polecamy torby do przechowywania zwini\u0119tych pod\u0142\u00f3g, kt\u00f3re zabezpiecz\u0105 Twoj\u0105 pod\u0142og\u0119 winylow\u0105 podczas podr\u00f3\u017cy oraz u\u0142atwi\u0105 jej przenoszenie w czasie trasy koncertowej.<\/p>\n                            <\/div>\n                                            <\/div>\n                <\/div>\n                            <div class=\"o-layout__item u-1\/1 u-1\/2@tablet u-1\/3@desktop c-pad-x c-mar-b3\">\n                    <div class=\"product-grid__item flex flex--column height--100\">\n                        <div>\n                                                            <h3 class=\"product-grid__heading c-mar-b0 text--center\">Wolnostoj\u0105ce dr\u0105\u017cki baletowe<\/h3>\n                                                                                <\/div>\n                        <div class=\"flex flex--justify-center\">\n                            <img decoding=\"async\" class=\"c-mar-t2 c-mar-b2 \" src=\"https:\/\/euro.harlequinfloors.com\/pl\/content\/uploads\/2022\/06\/Steel-freestanding-ballet-barre-4-e1657621657820.jpg\" alt=\"\" class=\"product-grid__image\">\n                        <\/div>\n\n                                                    <div class=\"flex--1-0-auto c-mar-t1 product-grid__text-container\">\n                                <p>Charakteryzuj\u0105ce si\u0119 wysok\u0105 jako\u015bci\u0105 profesjonalnego studia dr\u0105\u017cki maj\u0105 lekk\u0105 konstrukcj\u0119, a mimo to s\u0105 wyj\u0105tkowo stabilne. Oferuj\u0105 mo\u017cliwo\u015b\u0107 dopasowania do st\u00f3p oraz szereg innych ustawie\u0144. Wolnostoj\u0105ce dr\u0105\u017cki baletowe mo\u017cna montowa\u0107 z dwoma dr\u0105\u017ckami, jak przedstawia zdj\u0119cie, lub tylko z jednym, ni\u017cszym, co stanowi idealne rozwi\u0105zanie dla m\u0142odych tancerzy.<\/p>\n                            <\/div>\n                                            <\/div>\n                <\/div>\n                            <div class=\"o-layout__item u-1\/1 u-1\/2@tablet u-1\/3@desktop c-pad-x c-mar-b3\">\n                    <div class=\"product-grid__item flex flex--column height--100\">\n                        <div>\n                                                            <h3 class=\"product-grid__heading c-mar-b0 text--center\">Dr\u0105\u017cki baletowe mocowane do \u015bciany<\/h3>\n                                                                                <\/div>\n                        <div class=\"flex flex--justify-center\">\n                            <img decoding=\"async\" class=\"c-mar-t2 c-mar-b2 \" src=\"https:\/\/euro.harlequinfloors.com\/pl\/content\/uploads\/2022\/06\/Harl_Barre_002-scaled-e1656596232474.jpg\" alt=\"\" class=\"product-grid__image\">\n                        <\/div>\n\n                                                    <div class=\"flex--1-0-auto c-mar-t1 product-grid__text-container\">\n                                <p>Dr\u0105\u017cki baletowe Harlequin mocowane do \u015bciany charakteryzuj\u0105 si\u0119 wieloma opcjami p\u0142ytek mocuj\u0105cych, co umo\u017cliwia dostosowanie konstrukcji do wystroju Twojego studia. Wszystkie dr\u0105\u017cki posiadaj\u0105 solidne mocowania do \u015bciany: cztery mocowania dla pojedynczej i sze\u015b\u0107 mocowa\u0144 dla podw\u00f3jnej obr\u0119czy. Obr\u0119cze s\u0105 dostarczane w komplecie ze \u015brubami i za\u015blepkami i mog\u0105 by\u0107 montowane na dowolnej wysoko\u015bci. D\u0142ugo\u015bci dr\u0105\u017ck\u00f3w mog\u0105 by\u0107 \u0142\u0105czone w \u015brodku g\u0142owic obr\u0119czy, co pozwala ukry\u0107 miejsca po\u0142\u0105cze\u0144 i uzyska\u0107 ci\u0105g\u0142\u0105 d\u0142ugo\u015b\u0107 dr\u0105\u017cka, na przyk\u0142ad wzd\u0142u\u017c ca\u0142ej d\u0142ugo\u015bci \u015bciany studia.<\/p>\n                            <\/div>\n                                            <\/div>\n                <\/div>\n                            <div class=\"o-layout__item u-1\/1 u-1\/2@tablet u-1\/3@desktop c-pad-x c-mar-b3\">\n                    <div class=\"product-grid__item flex flex--column height--100\">\n                        <div>\n                                                            <h3 class=\"product-grid__heading c-mar-b0 text--center\">W\u00f3zki do przechowywania pod\u0142\u00f3g winylowych Harlequin<\/h3>\n                                                                                <\/div>\n                        <div class=\"flex flex--justify-center\">\n                            <img decoding=\"async\" class=\"c-mar-t2 c-mar-b2 \" src=\"https:\/\/euro.harlequinfloors.com\/pl\/content\/uploads\/2022\/06\/Roll-Cart_Harlequin_Products_017-1024x767-1-e1656583947147.jpg\" alt=\"\" class=\"product-grid__image\">\n                        <\/div>\n\n                                                    <div class=\"flex--1-0-auto c-mar-t1 product-grid__text-container\">\n                                <p>W\u00f3zki Roll Carts pozwalaj\u0105 na bezpieczne przechowywanie i \u0142atwy transport rolek winylowych pod\u0142\u00f3g Harlequin. Konstrukcja w\u00f3zk\u00f3w Harlequin do przechowywania i transportu rolek wykonana jest ze stali malowanej proszkowo w kolorze czarnym, odpornej na zadrapania. W\u00f3zki s\u0105 dost\u0119pne w dw\u00f3ch modelach: standardowy w\u00f3zek na 6 rolek oraz w\u00f3zek na 4 rolki z ograniczonym dost\u0119pem. Ka\u017cdy model dost\u0119pny jest w d\u0142ugo\u015bciach 2 lub 1,5 m, a tym samym dostosowany do wszystkich typ\u00f3w naszych rolek.<\/p>\n                            <\/div>\n                                            <\/div>\n                <\/div>\n                            <div class=\"o-layout__item u-1\/1 u-1\/2@tablet u-1\/3@desktop c-pad-x c-mar-b3\">\n                    <div class=\"product-grid__item flex flex--column height--100\">\n                        <div>\n                                                            <h3 class=\"product-grid__heading c-mar-b0 text--center\">W\u00f3zki transportowe dla paneli Harlequin LIBERTY<\/h3>\n                                                                                <\/div>\n                        <div class=\"flex flex--justify-center\">\n                            <img decoding=\"async\" class=\"c-mar-t2 c-mar-b2 \" src=\"https:\/\/euro.harlequinfloors.com\/pl\/content\/uploads\/2022\/06\/Liberty_Harlequin_Products_014-1024x767-1-e1656583924763.jpg\" alt=\"\" class=\"product-grid__image\">\n                        <\/div>\n\n                                                    <div class=\"flex--1-0-auto c-mar-t1 product-grid__text-container\">\n                                <p>W\u00f3zki transportowe dla paneli Harlequin LIBERTY zosta\u0142y zaprojektowane w celu bezpiecznego przewo\u017cenia paneli, listew wyko\u0144czeniowych i brzegowych.<\/p>\n                            <\/div>\n                                            <\/div>\n                <\/div>\n                    <\/div>\n    <\/section>\n","protected":false},"excerpt":{"rendered":"","protected":false},"author":1,"featured_media":0,"parent":0,"menu_order":0,"comment_status":"closed","ping_status":"closed","template":"","meta":{"_acf_changed":false,"footnotes":""},"class_list":["post-21360","page","type-page","status-publish","hentry"],"acf":[],"yoast_head":"<!-- This site is optimized with the Yoast SEO plugin v25.9 - https:\/\/yoast.com\/wordpress\/plugins\/seo\/ -->\n<title>Akcesoria\u00a0 - Harlequin Floors<\/title>\n<meta name=\"description\" content=\"Harlequin oferuje szereg akcesori\u00f3w pomocnych w monta\u017cu, przechowywaniu, rozk\u0142adaniu i u\u017cytkowaniu pod\u0142\u00f3g winylowych i spr\u0119\u017cynuj\u0105cych.\" \/>\n<meta name=\"robots\" content=\"index, follow, max-snippet:-1, max-image-preview:large, max-video-preview:-1\" \/>\n<link rel=\"canonical\" href=\"https:\/\/euro.harlequinfloors.com\/pl\/akcesoria\/\" \/>\n<meta property=\"og:locale\" content=\"pl_PL\" \/>\n<meta property=\"og:type\" content=\"article\" \/>\n<meta property=\"og:title\" content=\"Akcesoria\u00a0 - Harlequin Floors\" \/>\n<meta property=\"og:description\" content=\"Harlequin oferuje szereg akcesori\u00f3w pomocnych w monta\u017cu, przechowywaniu, rozk\u0142adaniu i u\u017cytkowaniu pod\u0142\u00f3g winylowych i spr\u0119\u017cynuj\u0105cych.\" \/>\n<meta property=\"og:url\" content=\"https:\/\/euro.harlequinfloors.com\/pl\/akcesoria\/\" \/>\n<meta property=\"og:site_name\" content=\"Harlequin Floors\" \/>\n<meta property=\"article:modified_time\" content=\"2022-07-12T10:28:56+00:00\" \/>\n<meta name=\"twitter:card\" content=\"summary_large_image\" \/>\n<script type=\"application\/ld+json\" class=\"yoast-schema-graph\">{\"@context\":\"https:\/\/schema.org\",\"@graph\":[{\"@type\":\"WebPage\",\"@id\":\"https:\/\/euro.harlequinfloors.com\/pl\/akcesoria\/\",\"url\":\"https:\/\/euro.harlequinfloors.com\/pl\/akcesoria\/\",\"name\":\"Akcesoria\u00a0 - Harlequin Floors\",\"isPartOf\":{\"@id\":\"https:\/\/euro.harlequinfloors.com\/pl\/#website\"},\"datePublished\":\"2022-05-18T08:14:17+00:00\",\"dateModified\":\"2022-07-12T10:28:56+00:00\",\"description\":\"Harlequin oferuje szereg akcesori\u00f3w pomocnych w monta\u017cu, przechowywaniu, rozk\u0142adaniu i u\u017cytkowaniu pod\u0142\u00f3g winylowych i spr\u0119\u017cynuj\u0105cych.\",\"breadcrumb\":{\"@id\":\"https:\/\/euro.harlequinfloors.com\/pl\/akcesoria\/#breadcrumb\"},\"inLanguage\":\"pl-PL\",\"potentialAction\":[{\"@type\":\"ReadAction\",\"target\":[\"https:\/\/euro.harlequinfloors.com\/pl\/akcesoria\/\"]}]},{\"@type\":\"BreadcrumbList\",\"@id\":\"https:\/\/euro.harlequinfloors.com\/pl\/akcesoria\/#breadcrumb\",\"itemListElement\":[{\"@type\":\"ListItem\",\"position\":1,\"name\":\"Home\",\"item\":\"https:\/\/euro.harlequinfloors.com\/pl\/\"},{\"@type\":\"ListItem\",\"position\":2,\"name\":\"Akcesoria\u00a0\"}]},{\"@type\":\"WebSite\",\"@id\":\"https:\/\/euro.harlequinfloors.com\/pl\/#website\",\"url\":\"https:\/\/euro.harlequinfloors.com\/pl\/\",\"name\":\"Harlequin Floors\",\"description\":\"\",\"potentialAction\":[{\"@type\":\"SearchAction\",\"target\":{\"@type\":\"EntryPoint\",\"urlTemplate\":\"https:\/\/euro.harlequinfloors.com\/pl\/?s={search_term_string}\"},\"query-input\":{\"@type\":\"PropertyValueSpecification\",\"valueRequired\":true,\"valueName\":\"search_term_string\"}}],\"inLanguage\":\"pl-PL\"}]}<\/script>\n<!-- \/ Yoast SEO plugin. -->","yoast_head_json":{"title":"Akcesoria\u00a0 - Harlequin Floors","description":"Harlequin oferuje szereg akcesori\u00f3w pomocnych w monta\u017cu, przechowywaniu, rozk\u0142adaniu i u\u017cytkowaniu pod\u0142\u00f3g winylowych i spr\u0119\u017cynuj\u0105cych.","robots":{"index":"index","follow":"follow","max-snippet":"max-snippet:-1","max-image-preview":"max-image-preview:large","max-video-preview":"max-video-preview:-1"},"canonical":"https:\/\/euro.harlequinfloors.com\/pl\/akcesoria\/","og_locale":"pl_PL","og_type":"article","og_title":"Akcesoria\u00a0 - Harlequin Floors","og_description":"Harlequin oferuje szereg akcesori\u00f3w pomocnych w monta\u017cu, przechowywaniu, rozk\u0142adaniu i u\u017cytkowaniu pod\u0142\u00f3g winylowych i spr\u0119\u017cynuj\u0105cych.","og_url":"https:\/\/euro.harlequinfloors.com\/pl\/akcesoria\/","og_site_name":"Harlequin Floors","article_modified_time":"2022-07-12T10:28:56+00:00","twitter_card":"summary_large_image","schema":{"@context":"https:\/\/schema.org","@graph":[{"@type":"WebPage","@id":"https:\/\/euro.harlequinfloors.com\/pl\/akcesoria\/","url":"https:\/\/euro.harlequinfloors.com\/pl\/akcesoria\/","name":"Akcesoria\u00a0 - Harlequin Floors","isPartOf":{"@id":"https:\/\/euro.harlequinfloors.com\/pl\/#website"},"datePublished":"2022-05-18T08:14:17+00:00","dateModified":"2022-07-12T10:28:56+00:00","description":"Harlequin oferuje szereg akcesori\u00f3w pomocnych w monta\u017cu, przechowywaniu, rozk\u0142adaniu i u\u017cytkowaniu pod\u0142\u00f3g winylowych i spr\u0119\u017cynuj\u0105cych.","breadcrumb":{"@id":"https:\/\/euro.harlequinfloors.com\/pl\/akcesoria\/#breadcrumb"},"inLanguage":"pl-PL","potentialAction":[{"@type":"ReadAction","target":["https:\/\/euro.harlequinfloors.com\/pl\/akcesoria\/"]}]},{"@type":"BreadcrumbList","@id":"https:\/\/euro.harlequinfloors.com\/pl\/akcesoria\/#breadcrumb","itemListElement":[{"@type":"ListItem","position":1,"name":"Home","item":"https:\/\/euro.harlequinfloors.com\/pl\/"},{"@type":"ListItem","position":2,"name":"Akcesoria\u00a0"}]},{"@type":"WebSite","@id":"https:\/\/euro.harlequinfloors.com\/pl\/#website","url":"https:\/\/euro.harlequinfloors.com\/pl\/","name":"Harlequin Floors","description":"","potentialAction":[{"@type":"SearchAction","target":{"@type":"EntryPoint","urlTemplate":"https:\/\/euro.harlequinfloors.com\/pl\/?s={search_term_string}"},"query-input":{"@type":"PropertyValueSpecification","valueRequired":true,"valueName":"search_term_string"}}],"inLanguage":"pl-PL"}]}},"_links":{"self":[{"href":"https:\/\/euro.harlequinfloors.com\/pl\/wp-json\/wp\/v2\/pages\/21360","targetHints":{"allow":["GET"]}}],"collection":[{"href":"https:\/\/euro.harlequinfloors.com\/pl\/wp-json\/wp\/v2\/pages"}],"about":[{"href":"https:\/\/euro.harlequinfloors.com\/pl\/wp-json\/wp\/v2\/types\/page"}],"author":[{"embeddable":true,"href":"https:\/\/euro.harlequinfloors.com\/pl\/wp-json\/wp\/v2\/users\/1"}],"replies":[{"embeddable":true,"href":"https:\/\/euro.harlequinfloors.com\/pl\/wp-json\/wp\/v2\/comments?post=21360"}],"version-history":[{"count":25,"href":"https:\/\/euro.harlequinfloors.com\/pl\/wp-json\/wp\/v2\/pages\/21360\/revisions"}],"predecessor-version":[{"id":21491,"href":"https:\/\/euro.harlequinfloors.com\/pl\/wp-json\/wp\/v2\/pages\/21360\/revisions\/21491"}],"wp:attachment":[{"href":"https:\/\/euro.harlequinfloors.com\/pl\/wp-json\/wp\/v2\/media?parent=21360"}],"curies":[{"name":"wp","href":"https:\/\/api.w.org\/{rel}","templated":true}]}}