{"id":21349,"date":"2022-05-18T09:01:14","date_gmt":"2022-05-18T08:01:14","guid":{"rendered":"http:\/\/eupl.harlequinfloors.localhost\/?page_id=21349"},"modified":"2022-06-30T20:55:17","modified_gmt":"2022-06-30T19:55:17","slug":"podlogi-sprezynujace","status":"publish","type":"page","link":"https:\/\/euro.harlequinfloors.com\/pl\/podlogi-sprezynujace\/","title":{"rendered":"Pod\u0142ogi spr\u0119\u017cynuj\u0105ce"},"content":{"rendered":"\n    <section class=\"heading-and-text heading-and-text--condensed text--center\">\n        <div class=\"o-wrapper\" >\n        <div class=\"heading-and-text__content-container\" style=\"max-width: px\">\n            <h1>Przeno\u015bne i sta\u0142e systemy pod\u0142\u00f3g spr\u0119\u017cynuj\u0105cych<\/h1>\n        <\/div>\n\n                <div class=\"heading-and-text__content-container\" style=\"max-width: px\">\n            <div>\n                <p>Pod\u0142ogi spr\u0119\u017cynuj\u0105ce Harlequin LIBERTY s\u0105 dost\u0119pne w dw\u00f3ch wersjach: sta\u0142ej i przeno\u015bnej. Zapobiegaj\u0105 kontuzjom i zapewniaj\u0105  tancerzom bezpieczn\u0105  powierzchni\u0119 do pracy.<\/p>\n<p>Wybieraj\u0105c pod\u0142ogi spr\u0119\u017cynuj\u0105ce Harlequin, masz gwarancj\u0119 wykonywania swojego zawodu w optymalnych warunkach bezpiecze\u0144stwa.<\/p>\n<p>Mog\u0105  si\u0119 Pa\u0144stwo skontaktowa\u0107  z naszymi doradcami pod numerem telefonu 00 352 46 44 22. Z pewnosci\u0105 odpowiedz\u0105  na wszystkie Pa\u0144stwa pytania.<\/p>\n            <\/div>\n        <\/div>\n        \n        \n        <\/div>\n    <\/section>\n\n\n\n<section class=\"product-grid c-mar-3 o-wrapper \">\n            <div class=\"o-layout\">\n                            <div class=\"o-layout__item u-1\/1 u-1\/2@tablet u-1\/3@desktop c-pad-x c-mar-b3\">\n                    <div class=\"product-grid__item flex flex--column height--100\">\n                        <div>\n                                                            <h3 class=\"product-grid__heading c-mar-b0 text--center\">Harlequin LIBERTY<\/h3>\n                                                                                        <h4 class=\"product-grid__sub-heading text--center\">Przeno\u015bny system pod\u0142ogi spr\u0119\u017cynuj\u0105cej do monta\u017cu lu\u017anego<\/h4>\n                                                    <\/div>\n                        <div class=\"flex flex--justify-center\">\n                            <img decoding=\"async\" class=\"c-mar-t2 c-mar-b2 \" src=\"https:\/\/euro.harlequinfloors.com\/pl\/content\/uploads\/2022\/05\/harlequin_liberty-scenique.jpeg\" alt=\"\" class=\"product-grid__image\">\n                        <\/div>\n\n                                                    <div class=\"flex--1-0-auto c-mar-t1 product-grid__text-container\">\n                                <p>Przeno\u015bne panele Harlequin LIBERTY s\u0105 \u00a0przeznaczone zar\u00f3wno dla zespo\u0142\u00f3w tanecznych na tournee jak i dla miejsc organizuj\u0105cych imprezy rozrywkowe, gdzie sta\u0142e sceny sa zbyt twarde do ta\u0144ca i musz\u0105 \u00a0by\u0107 pokrywane tymczasowo pod\u0142og\u0105 \u00a0spr\u0119\u017cynuj\u0105c\u0105 .<\/p>\n                            <\/div>\n                                            <\/div>\n                <\/div>\n                            <div class=\"o-layout__item u-1\/1 u-1\/2@tablet u-1\/3@desktop c-pad-x c-mar-b3\">\n                    <div class=\"product-grid__item flex flex--column height--100\">\n                        <div>\n                                                            <h3 class=\"product-grid__heading c-mar-b0 text--center\">Harlequin LIBERTY<\/h3>\n                                                                                        <h4 class=\"product-grid__sub-heading text--center\">Sta\u0142e panele Harlequin LIBERTY<\/h4>\n                                                    <\/div>\n                        <div class=\"flex flex--justify-center\">\n                            <img decoding=\"async\" class=\"c-mar-t2 c-mar-b2 \" src=\"https:\/\/euro.harlequinfloors.com\/pl\/content\/uploads\/2022\/05\/harlequin_liberty-permanent.jpeg\" alt=\"\" class=\"product-grid__image\">\n                        <\/div>\n\n                                                    <div class=\"flex--1-0-auto c-mar-t1 product-grid__text-container\">\n                                <p>Posiadaj\u0105 wyj\u0105tkow\u0105 \u00a0zalet\u0119 : mo\u017cna je szybko i \u0142atwo zdemontowa\u0107 \u00a0i zainstalowa\u0107 ponownie w innym miejscu lub w innej konfiguracji. System \u0142\u0105czenia i bloki elastomeru zapewniaj\u0105 \u00a0jednolity komfort ta\u0144ca na ca\u0142ej powierzchni pod\u0142ogi, umozliwiaj\u0105c tancerzom takie same czucie i zwrot energii na ca\u0142ej jej powierzchni.<\/p>\n                            <\/div>\n                                            <\/div>\n                <\/div>\n                            <div class=\"o-layout__item u-1\/1 u-1\/2@tablet u-1\/3@desktop c-pad-x c-mar-b3\">\n                    <div class=\"product-grid__item flex flex--column height--100\">\n                        <div>\n                                                            <h3 class=\"product-grid__heading c-mar-b0 text--center\">Harlequin ACTIVITY<\/h3>\n                                                                                        <h4 class=\"product-grid__sub-heading text--center\">W pe\u0142ni p\u0142ywaj\u0105ca pod\u0142oga spr\u0119\u017cynuj\u0105ca do monta\u017cu  sta\u0142ego, z powierzchni\u0105  z twardego drewna<\/h4>\n                                                    <\/div>\n                        <div class=\"flex flex--justify-center\">\n                            <img decoding=\"async\" class=\"c-mar-t2 c-mar-b2 \" src=\"https:\/\/euro.harlequinfloors.com\/pl\/content\/uploads\/2022\/05\/harlequin_activity-tapis.jpeg\" alt=\"\" class=\"product-grid__image\">\n                        <\/div>\n\n                                                    <div class=\"flex--1-0-auto c-mar-t1 product-grid__text-container\">\n                                <p>Harlequin ACTIVITYT to instalowany na sta\u0142e system pod\u0142ogi spr\u0119\u017cynuj\u0105cej oparty na powszechnie uznanej konstrukcji\u00a0potr\u00f3jnej kanapki. W pe\u0142nI p\u0142ywaj\u0105ca \u00a0konstrukcja nie jest po\u0142\u0105czona z pod\u0142og\u0105 \u00a0czy scianami co minimalizuje przenoszenie halasu.<\/p>\n                            <\/div>\n                                            <\/div>\n                <\/div>\n                            <div class=\"o-layout__item u-1\/1 u-1\/2@tablet u-1\/3@desktop c-pad-x c-mar-b3\">\n                    <div class=\"product-grid__item flex flex--column height--100\">\n                        <div>\n                                                            <h3 class=\"product-grid__heading c-mar-b0 text--center\">Harlequin ACTIVITY<\/h3>\n                                                                                        <h4 class=\"product-grid__sub-heading text--center\">W pe\u0142ni p\u0142ywaj\u0105ca pod\u0142oga spr\u0119\u017cynuj\u0105ca do monta\u017cu  sta\u0142ego. z powierzchni\u0105 z twardego drewna<\/h4>\n                                                    <\/div>\n                        <div class=\"flex flex--justify-center\">\n                            <img decoding=\"async\" class=\"c-mar-t2 c-mar-b2 \" src=\"https:\/\/euro.harlequinfloors.com\/pl\/content\/uploads\/2022\/05\/harlequin_activity-bois.jpeg\" alt=\"\" class=\"product-grid__image\">\n                        <\/div>\n\n                                                    <div class=\"flex--1-0-auto c-mar-t1 product-grid__text-container\">\n                                <p>Harlequin ACTIVITYTto instalowany na sta\u0142e system pod\u0142ogi spr\u0119\u017cynuj\u0105cej oparty na powszechnie uznanej konstrukcji potr\u00f3jnej kanapki. W pe\u0142ni p\u0142ywajaca konstrukcja nie jest polaczona z podloga czy scianami co minimalizuje przenoszenie halasu.<\/p>\n                            <\/div>\n                                            <\/div>\n                <\/div>\n                    <\/div>\n    <\/section>\n","protected":false},"excerpt":{"rendered":"","protected":false},"author":1,"featured_media":0,"parent":0,"menu_order":0,"comment_status":"closed","ping_status":"closed","template":"","meta":{"_acf_changed":false,"footnotes":""},"class_list":["post-21349","page","type-page","status-publish","hentry"],"acf":[],"yoast_head":"<!-- This site is optimized with the Yoast SEO plugin v25.9 - https:\/\/yoast.com\/wordpress\/plugins\/seo\/ -->\n<title>Pod\u0142ogi spr\u0119\u017cynuj\u0105ce - Harlequin Floors<\/title>\n<meta name=\"description\" content=\"Pod\u0142ogi spr\u0119\u017cynuj\u0105ce Harlequin LIBERTY s\u0105 dost\u0119pne w dw\u00f3ch wersjach: sta\u0142ej i przeno\u015bnej.Zapobiegaj\u0105 kontuzjom i zapewniaj\u0105 tancerzom bezpieczn\u0105 powierzchni\u0119 do pracy.\" \/>\n<meta name=\"robots\" content=\"index, follow, max-snippet:-1, max-image-preview:large, max-video-preview:-1\" \/>\n<link rel=\"canonical\" href=\"https:\/\/euro.harlequinfloors.com\/pl\/podlogi-sprezynujace\/\" \/>\n<meta property=\"og:locale\" content=\"pl_PL\" \/>\n<meta property=\"og:type\" content=\"article\" \/>\n<meta property=\"og:title\" content=\"Pod\u0142ogi spr\u0119\u017cynuj\u0105ce - Harlequin Floors\" \/>\n<meta property=\"og:description\" content=\"Pod\u0142ogi spr\u0119\u017cynuj\u0105ce Harlequin LIBERTY s\u0105 dost\u0119pne w dw\u00f3ch wersjach: sta\u0142ej i przeno\u015bnej.Zapobiegaj\u0105 kontuzjom i zapewniaj\u0105 tancerzom bezpieczn\u0105 powierzchni\u0119 do pracy.\" \/>\n<meta property=\"og:url\" content=\"https:\/\/euro.harlequinfloors.com\/pl\/podlogi-sprezynujace\/\" \/>\n<meta property=\"og:site_name\" content=\"Harlequin Floors\" \/>\n<meta property=\"article:modified_time\" content=\"2022-06-30T19:55:17+00:00\" \/>\n<meta name=\"twitter:card\" content=\"summary_large_image\" \/>\n<script type=\"application\/ld+json\" class=\"yoast-schema-graph\">{\"@context\":\"https:\/\/schema.org\",\"@graph\":[{\"@type\":\"WebPage\",\"@id\":\"https:\/\/euro.harlequinfloors.com\/pl\/podlogi-sprezynujace\/\",\"url\":\"https:\/\/euro.harlequinfloors.com\/pl\/podlogi-sprezynujace\/\",\"name\":\"Pod\u0142ogi spr\u0119\u017cynuj\u0105ce - Harlequin Floors\",\"isPartOf\":{\"@id\":\"https:\/\/euro.harlequinfloors.com\/pl\/#website\"},\"datePublished\":\"2022-05-18T08:01:14+00:00\",\"dateModified\":\"2022-06-30T19:55:17+00:00\",\"description\":\"Pod\u0142ogi spr\u0119\u017cynuj\u0105ce Harlequin LIBERTY s\u0105 dost\u0119pne w dw\u00f3ch wersjach: sta\u0142ej i przeno\u015bnej.Zapobiegaj\u0105 kontuzjom i zapewniaj\u0105 tancerzom bezpieczn\u0105 powierzchni\u0119 do pracy.\",\"breadcrumb\":{\"@id\":\"https:\/\/euro.harlequinfloors.com\/pl\/podlogi-sprezynujace\/#breadcrumb\"},\"inLanguage\":\"pl-PL\",\"potentialAction\":[{\"@type\":\"ReadAction\",\"target\":[\"https:\/\/euro.harlequinfloors.com\/pl\/podlogi-sprezynujace\/\"]}]},{\"@type\":\"BreadcrumbList\",\"@id\":\"https:\/\/euro.harlequinfloors.com\/pl\/podlogi-sprezynujace\/#breadcrumb\",\"itemListElement\":[{\"@type\":\"ListItem\",\"position\":1,\"name\":\"Home\",\"item\":\"https:\/\/euro.harlequinfloors.com\/pl\/\"},{\"@type\":\"ListItem\",\"position\":2,\"name\":\"Pod\u0142ogi spr\u0119\u017cynuj\u0105ce\"}]},{\"@type\":\"WebSite\",\"@id\":\"https:\/\/euro.harlequinfloors.com\/pl\/#website\",\"url\":\"https:\/\/euro.harlequinfloors.com\/pl\/\",\"name\":\"Harlequin Floors\",\"description\":\"\",\"potentialAction\":[{\"@type\":\"SearchAction\",\"target\":{\"@type\":\"EntryPoint\",\"urlTemplate\":\"https:\/\/euro.harlequinfloors.com\/pl\/?s={search_term_string}\"},\"query-input\":{\"@type\":\"PropertyValueSpecification\",\"valueRequired\":true,\"valueName\":\"search_term_string\"}}],\"inLanguage\":\"pl-PL\"}]}<\/script>\n<!-- \/ Yoast SEO plugin. -->","yoast_head_json":{"title":"Pod\u0142ogi spr\u0119\u017cynuj\u0105ce - Harlequin Floors","description":"Pod\u0142ogi spr\u0119\u017cynuj\u0105ce Harlequin LIBERTY s\u0105 dost\u0119pne w dw\u00f3ch wersjach: sta\u0142ej i przeno\u015bnej.Zapobiegaj\u0105 kontuzjom i zapewniaj\u0105 tancerzom bezpieczn\u0105 powierzchni\u0119 do pracy.","robots":{"index":"index","follow":"follow","max-snippet":"max-snippet:-1","max-image-preview":"max-image-preview:large","max-video-preview":"max-video-preview:-1"},"canonical":"https:\/\/euro.harlequinfloors.com\/pl\/podlogi-sprezynujace\/","og_locale":"pl_PL","og_type":"article","og_title":"Pod\u0142ogi spr\u0119\u017cynuj\u0105ce - Harlequin Floors","og_description":"Pod\u0142ogi spr\u0119\u017cynuj\u0105ce Harlequin LIBERTY s\u0105 dost\u0119pne w dw\u00f3ch wersjach: sta\u0142ej i przeno\u015bnej.Zapobiegaj\u0105 kontuzjom i zapewniaj\u0105 tancerzom bezpieczn\u0105 powierzchni\u0119 do pracy.","og_url":"https:\/\/euro.harlequinfloors.com\/pl\/podlogi-sprezynujace\/","og_site_name":"Harlequin Floors","article_modified_time":"2022-06-30T19:55:17+00:00","twitter_card":"summary_large_image","schema":{"@context":"https:\/\/schema.org","@graph":[{"@type":"WebPage","@id":"https:\/\/euro.harlequinfloors.com\/pl\/podlogi-sprezynujace\/","url":"https:\/\/euro.harlequinfloors.com\/pl\/podlogi-sprezynujace\/","name":"Pod\u0142ogi spr\u0119\u017cynuj\u0105ce - Harlequin Floors","isPartOf":{"@id":"https:\/\/euro.harlequinfloors.com\/pl\/#website"},"datePublished":"2022-05-18T08:01:14+00:00","dateModified":"2022-06-30T19:55:17+00:00","description":"Pod\u0142ogi spr\u0119\u017cynuj\u0105ce Harlequin LIBERTY s\u0105 dost\u0119pne w dw\u00f3ch wersjach: sta\u0142ej i przeno\u015bnej.Zapobiegaj\u0105 kontuzjom i zapewniaj\u0105 tancerzom bezpieczn\u0105 powierzchni\u0119 do pracy.","breadcrumb":{"@id":"https:\/\/euro.harlequinfloors.com\/pl\/podlogi-sprezynujace\/#breadcrumb"},"inLanguage":"pl-PL","potentialAction":[{"@type":"ReadAction","target":["https:\/\/euro.harlequinfloors.com\/pl\/podlogi-sprezynujace\/"]}]},{"@type":"BreadcrumbList","@id":"https:\/\/euro.harlequinfloors.com\/pl\/podlogi-sprezynujace\/#breadcrumb","itemListElement":[{"@type":"ListItem","position":1,"name":"Home","item":"https:\/\/euro.harlequinfloors.com\/pl\/"},{"@type":"ListItem","position":2,"name":"Pod\u0142ogi spr\u0119\u017cynuj\u0105ce"}]},{"@type":"WebSite","@id":"https:\/\/euro.harlequinfloors.com\/pl\/#website","url":"https:\/\/euro.harlequinfloors.com\/pl\/","name":"Harlequin Floors","description":"","potentialAction":[{"@type":"SearchAction","target":{"@type":"EntryPoint","urlTemplate":"https:\/\/euro.harlequinfloors.com\/pl\/?s={search_term_string}"},"query-input":{"@type":"PropertyValueSpecification","valueRequired":true,"valueName":"search_term_string"}}],"inLanguage":"pl-PL"}]}},"_links":{"self":[{"href":"https:\/\/euro.harlequinfloors.com\/pl\/wp-json\/wp\/v2\/pages\/21349","targetHints":{"allow":["GET"]}}],"collection":[{"href":"https:\/\/euro.harlequinfloors.com\/pl\/wp-json\/wp\/v2\/pages"}],"about":[{"href":"https:\/\/euro.harlequinfloors.com\/pl\/wp-json\/wp\/v2\/types\/page"}],"author":[{"embeddable":true,"href":"https:\/\/euro.harlequinfloors.com\/pl\/wp-json\/wp\/v2\/users\/1"}],"replies":[{"embeddable":true,"href":"https:\/\/euro.harlequinfloors.com\/pl\/wp-json\/wp\/v2\/comments?post=21349"}],"version-history":[{"count":13,"href":"https:\/\/euro.harlequinfloors.com\/pl\/wp-json\/wp\/v2\/pages\/21349\/revisions"}],"predecessor-version":[{"id":21474,"href":"https:\/\/euro.harlequinfloors.com\/pl\/wp-json\/wp\/v2\/pages\/21349\/revisions\/21474"}],"wp:attachment":[{"href":"https:\/\/euro.harlequinfloors.com\/pl\/wp-json\/wp\/v2\/media?parent=21349"}],"curies":[{"name":"wp","href":"https:\/\/api.w.org\/{rel}","templated":true}]}}