{"id":21325,"date":"2022-05-17T12:30:54","date_gmt":"2022-05-17T11:30:54","guid":{"rendered":"http:\/\/eupl.harlequinfloors.localhost\/?page_id=21325"},"modified":"2022-06-30T20:55:52","modified_gmt":"2022-06-30T19:55:52","slug":"wykladziny-baletowe","status":"publish","type":"page","link":"https:\/\/euro.harlequinfloors.com\/pl\/wykladziny-baletowe\/","title":{"rendered":"Wyk\u0142adziny baletowe\u00a0"},"content":{"rendered":"\n    <section class=\"heading-and-text heading-and-text--condensed text--center\">\n        <div class=\"o-wrapper\" >\n        <div class=\"heading-and-text__content-container\" style=\"max-width: px\">\n            <h1>Przeno\u015bne i sta\u0142e pod\u0142ogi winylowe<\/h1>\n        <\/div>\n\n                <div class=\"heading-and-text__content-container\" style=\"max-width: px\">\n            <div>\n                <p>Niezale\u017cnie od tego czy Wasza dzia\u0142alno\u015b\u0107 to grupa taneczna, konserwatorium, szko\u0142a, opera, teatr, prywatna szko\u0142a ta\u0144ca, stacja telewizyjna czy organizator targ\u00f3w, pokaz\u00f3w mody czy koncert\u00f3w rokowych, Harlequin oferuje Pa\u0144stwu kombinacj\u0119 najwy\u017cszej jako\u015bci produkt\u00f3w i us\u0142ug.<\/p>\n<p>Mog\u0105 si\u0119 Pa\u0144stwo skontaktowa\u0107 z naszymi doradcami pod numerem telefonu 00352 46 44 22.<br \/>\nZ pewno\u015bci\u0105 odpowiedz\u0105 na wszystkie Pa\u0144stwa pytania.<\/p>\n            <\/div>\n        <\/div>\n        \n        \n        <\/div>\n    <\/section>\n\n\n\n<section class=\"product-grid c-mar-3 o-wrapper \">\n            <div class=\"o-layout\">\n                            <div class=\"o-layout__item u-1\/1 u-1\/2@tablet u-1\/3@desktop c-pad-x c-mar-b3\">\n                    <div class=\"product-grid__item flex flex--column height--100\">\n                        <div>\n                                                            <h3 class=\"product-grid__heading c-mar-b0 text--center\">Harlequin DUO<\/h3>\n                                                                                        <h4 class=\"product-grid__sub-heading text--center\"> Oryginalna pod\u0142oga taneczna<\/h4>\n                                                    <\/div>\n                        <div class=\"flex flex--justify-center\">\n                            <img decoding=\"async\" class=\"c-mar-t2 c-mar-b2 \" src=\"https:\/\/euro.harlequinfloors.com\/pl\/content\/uploads\/2022\/05\/harlequin_duo.jpeg\" alt=\"\" class=\"product-grid__image\">\n                        <\/div>\n\n                                                    <div class=\"flex--1-0-auto c-mar-t1 product-grid__text-container\">\n                                <p><strong>Harlequin DUO<\/strong>\u00a0przez d\u0142ugi czas by\u0142 uznawany za klasyczn\u0105, dwustronn\u0105 pod\u0142og\u0119 do wyst\u0119p\u00f3w. Wykonana z podw\u00f3jnej warstwy kalandrowanego bezpo\u015blizgowego PCV w innym kolorze po ka\u017cdej stronie.<\/p>\n<p><strong>Harlequin DUO<\/strong>\u00a0mo\u017cna z \u0142atwosci\u0105 \u00a0rozwin\u0105c na scenie czy w studiu cwicze\u0144. Montowana przy u\u017cyciu jednostronnej ta\u015bmy samoprzylepnej na dzielonych szwach. Dost\u0119pna w siedmiu kombinacjach kolor\u00f3w, uniwersalna, ultra lekka i dwustronna.<\/p>\n                            <\/div>\n                                            <\/div>\n                <\/div>\n                            <div class=\"o-layout__item u-1\/1 u-1\/2@tablet u-1\/3@desktop c-pad-x c-mar-b3\">\n                    <div class=\"product-grid__item flex flex--column height--100\">\n                        <div>\n                                                            <h3 class=\"product-grid__heading c-mar-b0 text--center\">Harlequin STUDIO<\/h3>\n                                                                                        <h4 class=\"product-grid__sub-heading text--center\">Wyj\u0105tkowy komfort<\/h4>\n                                                    <\/div>\n                        <div class=\"flex flex--justify-center\">\n                            <img decoding=\"async\" class=\"c-mar-t2 c-mar-b2 \" src=\"https:\/\/euro.harlequinfloors.com\/pl\/content\/uploads\/2022\/05\/harlequin_studio.jpeg\" alt=\"\" class=\"product-grid__image\">\n                        <\/div>\n\n                                                    <div class=\"flex--1-0-auto c-mar-t1 product-grid__text-container\">\n                                <p><strong>Harlequin STUDIO<\/strong>\u00a0jest g\u0142adk\u0105, trudn\u0105 do zu\u017cycia pod\u0142og\u0105 taneczn\u0105. Wyj\u0105tkowo stabilna, jest odpowiednia zar\u00f3wno do po\u0142o\u017cenia luzem jak i zamontowania na sta\u0142e na jednej z naszych pod\u0142\u00f3g spre\u017cynuj\u0105cych. Wykonana z wyj\u0105tkowo wytrzyma\u0142ego PCV, \u015bwietnie dopasowana do potrzeb tancerzy. Jej specjalna z\u0142o\u017cona konstrukcja z PCV jest wzmocniona w\u0142\u00f3knem szklanym oraz mocn\u0105 ale elastyczn\u0105 piank\u0105, kt\u00f3ra dodatkowo zabezpiecza tancerzy oraz zwi\u0119ksza komfort podczas pracy na pod\u0142odze.<\/p>\n                            <\/div>\n                                            <\/div>\n                <\/div>\n                            <div class=\"o-layout__item u-1\/1 u-1\/2@tablet u-1\/3@desktop c-pad-x c-mar-b3\">\n                    <div class=\"product-grid__item flex flex--column height--100\">\n                        <div>\n                                                            <h3 class=\"product-grid__heading c-mar-b0 text--center\">Harlequin CASCADE<\/h3>\n                                                                                        <h4 class=\"product-grid__sub-heading text--center\">Styl Klasyczny<\/h4>\n                                                    <\/div>\n                        <div class=\"flex flex--justify-center\">\n                            <img decoding=\"async\" class=\"c-mar-t2 c-mar-b2 \" src=\"https:\/\/euro.harlequinfloors.com\/pl\/content\/uploads\/2022\/05\/harlequin_cascade.jpeg\" alt=\"\" class=\"product-grid__image\">\n                        <\/div>\n\n                                                    <div class=\"flex--1-0-auto c-mar-t1 product-grid__text-container\">\n                                <p><strong>Harlequin CASCADE<\/strong>\u00a0jest znana jako najbardziej mi\u0119kka, elastyczna, stabilna pod\u0142oga taneczna na rynku. Ca\u0142a generacja re\u017cyser\u00f3w i profesjonalnych tancerzy przekona\u0142a si\u0119 do niej dzi\u0119ki jej trwa\u0142o\u015bci. Delikatnie wypuk\u0142a powierzchnia wyk\u0142adziny zapewnia bardzo dobr\u0105 przyczepno\u015bc, kt\u00f3ra z kolei daje tancerzom ca\u0142kowit\u0105 pewno\u015b\u0107. Matowe wyko\u0144czenie za\u015b sprawia, \u017ce jest wyj\u0105tkowo popularna wsr\u00f3d technik\u00f3w o\u015bwietlenia.<\/p>\n                            <\/div>\n                                            <\/div>\n                <\/div>\n                            <div class=\"o-layout__item u-1\/1 u-1\/2@tablet u-1\/3@desktop c-pad-x c-mar-b3\">\n                    <div class=\"product-grid__item flex flex--column height--100\">\n                        <div>\n                                                            <h3 class=\"product-grid__heading c-mar-b0 text--center\">Harlequin STANDFAST<\/h3>\n                                                                                        <h4 class=\"product-grid__sub-heading text--center\">Mocna i wytrzyma\u0142a<\/h4>\n                                                    <\/div>\n                        <div class=\"flex flex--justify-center\">\n                            <img decoding=\"async\" class=\"c-mar-t2 c-mar-b2 \" src=\"https:\/\/euro.harlequinfloors.com\/pl\/content\/uploads\/2022\/05\/harlequin_standfast.jpeg\" alt=\"\" class=\"product-grid__image\">\n                        <\/div>\n\n                                                    <div class=\"flex--1-0-auto c-mar-t1 product-grid__text-container\">\n                                <p>Jedyna w swoim rodzaju wytrzyma\u0142a,wielozadaniowa pod\u0142oga taneczna,\u00a0<strong>Harlequin STANDFAST<\/strong>\u00a0mo\u017ce wytrzyma cie\u017ckie rekwizyty i podczas u\u017cytkowania na scenie, w studio \u0107wicze\u0144 lub w sali widowiskowej.<\/p>\n                            <\/div>\n                                            <\/div>\n                <\/div>\n                            <div class=\"o-layout__item u-1\/1 u-1\/2@tablet u-1\/3@desktop c-pad-x c-mar-b3\">\n                    <div class=\"product-grid__item flex flex--column height--100\">\n                        <div>\n                                                            <h3 class=\"product-grid__heading c-mar-b0 text--center\">Harlequin ALLEGRO<\/h3>\n                                                                                        <h4 class=\"product-grid__sub-heading text--center\">Najgrubsza wyk\u0142adzina baletowa na rynku<\/h4>\n                                                    <\/div>\n                        <div class=\"flex flex--justify-center\">\n                            <img decoding=\"async\" class=\"c-mar-t2 c-mar-b2 \" src=\"https:\/\/euro.harlequinfloors.com\/pl\/content\/uploads\/2022\/05\/harlequin_allegro.jpeg\" alt=\"\" class=\"product-grid__image\">\n                        <\/div>\n\n                                                    <div class=\"flex--1-0-auto c-mar-t1 product-grid__text-container\">\n                                <p>8,5 mm pod\u0142oga\u00a0<strong>Harlequin ALLEGRO<\/strong>\u00a0jest najgrubsz\u0105 rozwijan\u0105 pod\u0142og\u0105 tanecz\u0105 na rynku. Wykonana z PCV wzmocnionego wytrzyma\u0142\u0105 warstw\u0105 z w\u0142\u00f3kna mineralnego oraz spodem z pianki w celu zapewnienia elastyczno\u015bci, pod\u0142oga\u00a0<strong>Harlequin ALLEGRO<\/strong>\u00a0zapewnia doskona\u0142\u0105 i elastyczn\u0105 powierzchni\u0119.<\/p>\n                            <\/div>\n                                            <\/div>\n                <\/div>\n                            <div class=\"o-layout__item u-1\/1 u-1\/2@tablet u-1\/3@desktop c-pad-x c-mar-b3\">\n                    <div class=\"product-grid__item flex flex--column height--100\">\n                        <div>\n                                                            <h3 class=\"product-grid__heading c-mar-b0 text--center\">Harlequin SHOWFLOOR<\/h3>\n                                                                                        <h4 class=\"product-grid__sub-heading text--center\">Lekka, stabilna i wielokrotnego u\u017cytku<\/h4>\n                                                    <\/div>\n                        <div class=\"flex flex--justify-center\">\n                            <img decoding=\"async\" class=\"c-mar-t2 c-mar-b2 \" src=\"https:\/\/euro.harlequinfloors.com\/pl\/content\/uploads\/2022\/05\/harlequin_showfloor.jpeg\" alt=\"\" class=\"product-grid__image\">\n                        <\/div>\n\n                                                    <div class=\"flex--1-0-auto c-mar-t1 product-grid__text-container\">\n                                <p>Pod\u0142oga\u00a0<strong>Harlequin SHOWFLOOR<\/strong>\u00a0jest odpowiednia do miejsc gdzie pojawia sie du\u017ca ilo\u015b\u0107 ludzi, do pokaz\u00f3w mody oraz dla ochrony parkietu lub delikatnej pod\u0142ogi na r\u00f3\u017cnego rodzaju imprezach.<\/p>\n                            <\/div>\n                                            <\/div>\n                <\/div>\n                            <div class=\"o-layout__item u-1\/1 u-1\/2@tablet u-1\/3@desktop c-pad-x c-mar-b3\">\n                    <div class=\"product-grid__item flex flex--column height--100\">\n                        <div>\n                                                            <h3 class=\"product-grid__heading c-mar-b0 text--center\">Harlequin HI-SHINE<\/h3>\n                                                                                        <h4 class=\"product-grid__sub-heading text--center\">To czysty b\u0142ysk<\/h4>\n                                                    <\/div>\n                        <div class=\"flex flex--justify-center\">\n                            <img decoding=\"async\" class=\"c-mar-t2 c-mar-b2 \" src=\"https:\/\/euro.harlequinfloors.com\/pl\/content\/uploads\/2022\/05\/harlequin_hi-shine.jpeg\" alt=\"\" class=\"product-grid__image\">\n                        <\/div>\n\n                                                    <div class=\"flex--1-0-auto c-mar-t1 product-grid__text-container\">\n                                <p>Idealny wyb\u00f3r dla opery, studia telewizyjnego oraz imprez na wysokim szczeblu. Najbardziej uderzaj\u0105c\u0105 cech\u0105 pod\u0142ogi\u00a0<strong>Harlequin HI-SHINE<\/strong>\u00a0jest jej wyj\u0105tkowo l\u015bni\u0105ca powierzchnia. Powierzchnia ta jest bardzo odporna na zadrapania i zapewnia spektakularne efekty o\u015bwietleniowe na scenie.<\/p>\n                            <\/div>\n                                            <\/div>\n                <\/div>\n                            <div class=\"o-layout__item u-1\/1 u-1\/2@tablet u-1\/3@desktop c-pad-x c-mar-b3\">\n                    <div class=\"product-grid__item flex flex--column height--100\">\n                        <div>\n                                                            <h3 class=\"product-grid__heading c-mar-b0 text--center\">Harlequin FIESTA<\/h3>\n                                                                                        <h4 class=\"product-grid__sub-heading text--center\">Wygl\u0105d naturalnego drewna<\/h4>\n                                                    <\/div>\n                        <div class=\"flex flex--justify-center\">\n                            <img decoding=\"async\" class=\"c-mar-t2 c-mar-b2 \" src=\"https:\/\/euro.harlequinfloors.com\/pl\/content\/uploads\/2022\/05\/harlequin_fiesta.jpeg\" alt=\"\" class=\"product-grid__image\">\n                        <\/div>\n\n                                                    <div class=\"flex--1-0-auto c-mar-t1 product-grid__text-container\">\n                                <p>Pod\u0142oga\u00a0<strong>Harlequin FIESTA<\/strong>\u00a0jest idealna do stepowania czy ta\u0144ca irlandzkiego, ale r\u00f3wnie\u017c do ta\u0144ca towarzyskiego lub innych rodzaj\u00f3w imprez spo\u0142ecznych czy kulturalnych.<\/p>\n                            <\/div>\n                                            <\/div>\n                <\/div>\n                            <div class=\"o-layout__item u-1\/1 u-1\/2@tablet u-1\/3@desktop c-pad-x c-mar-b3\">\n                    <div class=\"product-grid__item flex flex--column height--100\">\n                        <div>\n                                                            <h3 class=\"product-grid__heading c-mar-b0 text--center\">Harlequin PRO DUO<\/h3>\n                                                                                        <h4 class=\"product-grid__sub-heading text--center\">dwustronna wyk\u0142adzina wzmocniona w\u0142\u00f3knem szklanym<\/h4>\n                                                    <\/div>\n                        <div class=\"flex flex--justify-center\">\n                            <img decoding=\"async\" class=\"c-mar-t2 c-mar-b2 \" src=\"https:\/\/euro.harlequinfloors.com\/pl\/content\/uploads\/2022\/05\/harlequin_produo.jpeg\" alt=\"\" class=\"product-grid__image\">\n                        <\/div>\n\n                                                    <div class=\"flex--1-0-auto c-mar-t1 product-grid__text-container\">\n                                <p><strong>Harlequin DUO PRO<\/strong>\u00a0ma te same cechy, co pod\u0142oga taneczna i sceniczna Harlequin Duo, ale ponadto \u00a0wzmocniona jest wl\u00f3knem szlanym, co gwarantuje doskona\u0142\u0105 stabilno\u015b\u0107 wymiar\u00f3w i niezwyk\u0142\u0105 \u0142atwo\u015b\u0107 rozk\u0142adania i zwijania rolek.<br \/>\nPod\u0142oga taneczna Harlequin Duo Pro, kt\u00f3r\u0105 najlepiej jest rozk\u0142ada\u0107 na amortyzuj\u0105cym pod\u0142o\u017cu, jest idealna na tourn\u00e9e. Z \u0142atwo\u015bci\u0105 si\u0119 j\u0105 przenosi i transportuje. Jest odpowiednia do wszystkich rodzaj\u00f3w ta\u0144ca: do ta\u0144ca klasycznego, wsp\u00f3\u0142czesnego, ta\u0144c\u00f3w perkusyjnych, w tym flamenco, ta\u0144c\u00f3w irlandzkich i stepowania, hip-hopu, jazzu, ta\u0144c\u00f3w ulicznych, aerobiku, zumby; doskonale sprawdza si\u0119 w przypadku koncert\u00f3w, stoisk wystawowych, platform telewizyjnych, teatr\u00f3w, oper oraz ka\u017cdego rodzaju przedsi\u0119wzi\u0119\u0107 artystycznych.<\/p>\n                            <\/div>\n                                            <\/div>\n                <\/div>\n                    <\/div>\n    <\/section>\n\n\n\n<p><\/p>\n","protected":false},"excerpt":{"rendered":"","protected":false},"author":1,"featured_media":0,"parent":0,"menu_order":0,"comment_status":"closed","ping_status":"closed","template":"","meta":{"_acf_changed":false,"footnotes":""},"class_list":["post-21325","page","type-page","status-publish","hentry"],"acf":[],"yoast_head":"<!-- This site is optimized with the Yoast SEO plugin v25.9 - https:\/\/yoast.com\/wordpress\/plugins\/seo\/ -->\n<title>Wyk\u0142adziny baletowe\u00a0 - Harlequin Floors<\/title>\n<meta name=\"robots\" content=\"index, follow, max-snippet:-1, max-image-preview:large, max-video-preview:-1\" \/>\n<link rel=\"canonical\" href=\"https:\/\/euro.harlequinfloors.com\/pl\/wykladziny-baletowe\/\" \/>\n<meta property=\"og:locale\" content=\"pl_PL\" \/>\n<meta property=\"og:type\" content=\"article\" \/>\n<meta property=\"og:title\" content=\"Wyk\u0142adziny baletowe\u00a0 - Harlequin Floors\" \/>\n<meta property=\"og:url\" content=\"https:\/\/euro.harlequinfloors.com\/pl\/wykladziny-baletowe\/\" \/>\n<meta property=\"og:site_name\" content=\"Harlequin Floors\" \/>\n<meta property=\"article:modified_time\" content=\"2022-06-30T19:55:52+00:00\" \/>\n<meta name=\"twitter:card\" content=\"summary_large_image\" \/>\n<script type=\"application\/ld+json\" class=\"yoast-schema-graph\">{\"@context\":\"https:\/\/schema.org\",\"@graph\":[{\"@type\":\"WebPage\",\"@id\":\"https:\/\/euro.harlequinfloors.com\/pl\/wykladziny-baletowe\/\",\"url\":\"https:\/\/euro.harlequinfloors.com\/pl\/wykladziny-baletowe\/\",\"name\":\"Wyk\u0142adziny baletowe\u00a0 - Harlequin Floors\",\"isPartOf\":{\"@id\":\"https:\/\/euro.harlequinfloors.com\/pl\/#website\"},\"datePublished\":\"2022-05-17T11:30:54+00:00\",\"dateModified\":\"2022-06-30T19:55:52+00:00\",\"breadcrumb\":{\"@id\":\"https:\/\/euro.harlequinfloors.com\/pl\/wykladziny-baletowe\/#breadcrumb\"},\"inLanguage\":\"pl-PL\",\"potentialAction\":[{\"@type\":\"ReadAction\",\"target\":[\"https:\/\/euro.harlequinfloors.com\/pl\/wykladziny-baletowe\/\"]}]},{\"@type\":\"BreadcrumbList\",\"@id\":\"https:\/\/euro.harlequinfloors.com\/pl\/wykladziny-baletowe\/#breadcrumb\",\"itemListElement\":[{\"@type\":\"ListItem\",\"position\":1,\"name\":\"Home\",\"item\":\"https:\/\/euro.harlequinfloors.com\/pl\/\"},{\"@type\":\"ListItem\",\"position\":2,\"name\":\"Wyk\u0142adziny baletowe\u00a0\"}]},{\"@type\":\"WebSite\",\"@id\":\"https:\/\/euro.harlequinfloors.com\/pl\/#website\",\"url\":\"https:\/\/euro.harlequinfloors.com\/pl\/\",\"name\":\"Harlequin Floors\",\"description\":\"\",\"potentialAction\":[{\"@type\":\"SearchAction\",\"target\":{\"@type\":\"EntryPoint\",\"urlTemplate\":\"https:\/\/euro.harlequinfloors.com\/pl\/?s={search_term_string}\"},\"query-input\":{\"@type\":\"PropertyValueSpecification\",\"valueRequired\":true,\"valueName\":\"search_term_string\"}}],\"inLanguage\":\"pl-PL\"}]}<\/script>\n<!-- \/ Yoast SEO plugin. -->","yoast_head_json":{"title":"Wyk\u0142adziny baletowe\u00a0 - Harlequin Floors","robots":{"index":"index","follow":"follow","max-snippet":"max-snippet:-1","max-image-preview":"max-image-preview:large","max-video-preview":"max-video-preview:-1"},"canonical":"https:\/\/euro.harlequinfloors.com\/pl\/wykladziny-baletowe\/","og_locale":"pl_PL","og_type":"article","og_title":"Wyk\u0142adziny baletowe\u00a0 - Harlequin Floors","og_url":"https:\/\/euro.harlequinfloors.com\/pl\/wykladziny-baletowe\/","og_site_name":"Harlequin Floors","article_modified_time":"2022-06-30T19:55:52+00:00","twitter_card":"summary_large_image","schema":{"@context":"https:\/\/schema.org","@graph":[{"@type":"WebPage","@id":"https:\/\/euro.harlequinfloors.com\/pl\/wykladziny-baletowe\/","url":"https:\/\/euro.harlequinfloors.com\/pl\/wykladziny-baletowe\/","name":"Wyk\u0142adziny baletowe\u00a0 - Harlequin Floors","isPartOf":{"@id":"https:\/\/euro.harlequinfloors.com\/pl\/#website"},"datePublished":"2022-05-17T11:30:54+00:00","dateModified":"2022-06-30T19:55:52+00:00","breadcrumb":{"@id":"https:\/\/euro.harlequinfloors.com\/pl\/wykladziny-baletowe\/#breadcrumb"},"inLanguage":"pl-PL","potentialAction":[{"@type":"ReadAction","target":["https:\/\/euro.harlequinfloors.com\/pl\/wykladziny-baletowe\/"]}]},{"@type":"BreadcrumbList","@id":"https:\/\/euro.harlequinfloors.com\/pl\/wykladziny-baletowe\/#breadcrumb","itemListElement":[{"@type":"ListItem","position":1,"name":"Home","item":"https:\/\/euro.harlequinfloors.com\/pl\/"},{"@type":"ListItem","position":2,"name":"Wyk\u0142adziny baletowe\u00a0"}]},{"@type":"WebSite","@id":"https:\/\/euro.harlequinfloors.com\/pl\/#website","url":"https:\/\/euro.harlequinfloors.com\/pl\/","name":"Harlequin Floors","description":"","potentialAction":[{"@type":"SearchAction","target":{"@type":"EntryPoint","urlTemplate":"https:\/\/euro.harlequinfloors.com\/pl\/?s={search_term_string}"},"query-input":{"@type":"PropertyValueSpecification","valueRequired":true,"valueName":"search_term_string"}}],"inLanguage":"pl-PL"}]}},"_links":{"self":[{"href":"https:\/\/euro.harlequinfloors.com\/pl\/wp-json\/wp\/v2\/pages\/21325","targetHints":{"allow":["GET"]}}],"collection":[{"href":"https:\/\/euro.harlequinfloors.com\/pl\/wp-json\/wp\/v2\/pages"}],"about":[{"href":"https:\/\/euro.harlequinfloors.com\/pl\/wp-json\/wp\/v2\/types\/page"}],"author":[{"embeddable":true,"href":"https:\/\/euro.harlequinfloors.com\/pl\/wp-json\/wp\/v2\/users\/1"}],"replies":[{"embeddable":true,"href":"https:\/\/euro.harlequinfloors.com\/pl\/wp-json\/wp\/v2\/comments?post=21325"}],"version-history":[{"count":14,"href":"https:\/\/euro.harlequinfloors.com\/pl\/wp-json\/wp\/v2\/pages\/21325\/revisions"}],"predecessor-version":[{"id":21476,"href":"https:\/\/euro.harlequinfloors.com\/pl\/wp-json\/wp\/v2\/pages\/21325\/revisions\/21476"}],"wp:attachment":[{"href":"https:\/\/euro.harlequinfloors.com\/pl\/wp-json\/wp\/v2\/media?parent=21325"}],"curies":[{"name":"wp","href":"https:\/\/api.w.org\/{rel}","templated":true}]}}